{"id":782,"date":"2017-02-14T08:55:12","date_gmt":"2017-02-14T07:55:12","guid":{"rendered":"http:\/\/intervacc.se\/en\/?page_id=782"},"modified":"2021-09-08T22:11:38","modified_gmt":"2021-09-08T20:11:38","slug":"publikationer-eng","status":"publish","type":"page","link":"https:\/\/intervacc.se\/en\/research\/publikationer-eng\/","title":{"rendered":"Publications"},"content":{"rendered":"<div class=\"preamble\">\n<p>Intervacc\u00b4s collaborators have published and participated in a number of doctoral thesis works and peer reviewed scientific journals with good ranking. Here is a list of relevant publications:<\/p>\n<\/div>\n<h2 id=\"tablepress-74-name\" class=\"tablepress-table-name tablepress-table-name-id-74\">Referee- reviewed articles in international papers<\/h2>\n\n<table id=\"tablepress-74\" class=\"tablepress tablepress-id-74\" aria-labelledby=\"tablepress-74-name\">\n<thead>\n<tr class=\"row-1 odd\">\n\t<th class=\"column-1\">Category<\/th><th class=\"column-2\">Publication<\/th><th class=\"column-3\">Year<\/th>\n<\/tr>\n<\/thead>\n<tbody class=\"row-hover\">\n<tr class=\"row-2 even\">\n\t<td class=\"column-1\">VASIP early trials<\/td><td class=\"column-2\"><a href=\"https:\/\/doi.org\/10.1016\/j.vaccine.2025.127077\" target=\"_blank\" rel=\"noopener\">Sow vaccination with a novel recombinant protein vaccine protects piglets against <i>Streptococcus suis<\/i> infection. <i>Vaccine<\/i> 53<\/a>, Sara Frosth, David Reddick, Francesco Righetti, Joakim Bjerketorp, Karin Jacobsson, Birgitta Henriques-Normark, Magdalena Jacobson,Bengt Guss, Tim Wood, Lars Frykberg,Jan-Ingmar Flock and Andrew Waller.<\/td><td class=\"column-3\">2025<\/td>\n<\/tr>\n<tr class=\"row-3 odd\">\n\t<td class=\"column-1\">Research Strangles<\/td><td class=\"column-2\"><a href=\"https:\/\/doi.org\/10.1111\/evj.13552\" target=\"_blank\" rel=\"noopener\">Conservation of vaccine antigen sequences encoded by sequenced strains of Streptococcus equi subsp. equi, <i>Equine Veterinary Journal<\/i> 55 issue 1, 92-101<\/a>, Sara Frosth, Ellen Ruth A. Morris, Hayley Wilson, Lars Frykberg, Karin Jacobsson, Julian Parkhill, Jan-Ingmar Flock, Tim Wood, Bengt Guss, David M. Aanensen, Ashley G. Boyle, Miia Riihim\u00e4ki, Noah D. Cohen, Andrew S. Waller<\/td><td class=\"column-3\">2023<\/td>\n<\/tr>\n<tr class=\"row-4 even\">\n\t<td class=\"column-1\"><nobr>Strangvac clinical<\/nobr> trials<\/td><td class=\"column-2\"><a href=\"https:\/\/doi.org\/10.1016\/j.vaccine.2020.05.046\" target=\"_blank\" rel=\"noopener\">Intramuscular vaccination with Strangvac is safe and induces protection against equine strangles caused by <i>Streptococcus equi<\/i>, <i>Vaccine<\/i> 38, 4861-4868 <\/a>, Carl Robinson, Andrew S. Waller, Lars Frykberg, Margareta Flock, Olof Zachrisson, Bengt Guss and Jan-Ingmar Flock.<\/td><td class=\"column-3\">2020<\/td>\n<\/tr>\n<tr class=\"row-5 odd\">\n\t<td class=\"column-1\">Strangvac early trials<\/td><td class=\"column-2\"><a href=\"http:\/\/www.plospathogens.org\/article\/info%3Adoi%2F10.1371%2Fjournal.ppat.1000584\" target=\"_blank\" rel=\"noopener\">Getting to grips with strangles: an effective multi-component recombinant vaccine for the protection of horses from Streptococcus equi infection. <i>PLoS Pathogen. Published 18 sep 2009, doi: 10.1371\/journal.ppat.1000584<\/a><\/i>, Bengt Guss, Margareta Flock, Lars Frykberg, Andrew S. Waller, Carl Robinson, Ken C. Smith, and Jan-Ingmar Flock. <\/td><td class=\"column-3\">2009<\/td>\n<\/tr>\n<tr class=\"row-6 even\">\n\t<td class=\"column-1\">Strangvac early trials<\/td><td class=\"column-2\"><a href=\"https:\/\/www.sciencedirect.com\/science\/article\/pii\/S0264410X18300641\" target=\"_blank\" rel=\"noopener\">Strangvac: A recombinant fusion protein vaccine that protects against strangles, caused by <i>Streptococcus equi<\/i> Vaccine,  2018 Mar 7;36(11):1484-1490<\/a>, Robinson, C., Frykberg, L., Flock, M., Guss, B., Waller, A., Flock, J-I <\/td><td class=\"column-3\">2017<\/td>\n<\/tr>\n<tr class=\"row-7 odd\">\n\t<td class=\"column-1\">Strangvac early trials<\/td><td class=\"column-2\"><U>Protective effect of vaccination with recombinant proteins from <i>Streptococcus equi<\/i> subspecies <i>equi<\/i> in a strangles model in the mouse.<\/U> <i>Vaccine<\/i> 24:4144-4151. Flock, M., Karlstr\u00f6m, \u00c5., Lannerg\u00e5rd, J., Guss, B. and Flock, J.-I. <\/td><td class=\"column-3\">2006<\/td>\n<\/tr>\n<tr class=\"row-8 even\">\n\t<td class=\"column-1\">Strangvac early trials<\/td><td class=\"column-2\"><U>Vaccination of horses against strangles using recombinant antigens from <i>Streptococcus equi.<\/U> Vaccine<\/i> 25:3629-3635. Waller, A., Flock, M., Smith, K., Robinson, C., Mitchell, Z., Karlstr\u00f6m, A., Lannerg\u00e5rd, J., Bergman, R., Guss, B. and Flock JI<\/td><td class=\"column-3\">2007<\/td>\n<\/tr>\n<tr class=\"row-9 odd\">\n\t<td class=\"column-1\">Strangvac early trials<\/td><td class=\"column-2\"><U>Recombinant <i>Streptococcus equi<\/i> proteins protect mice in challenge experiments and induce immune response in horses.<\/U> <i>Infect Immun.<\/i> 72:3228-3236. Flock, M., Jacobsson, K., Hirst, T., R., Franklin, A., Guss, B., and Flock, J.-I. <\/td><td class=\"column-3\">2004<\/td>\n<\/tr>\n<tr class=\"row-10 even\">\n\t<td class=\"column-1\">Strangvac targets<\/td><td class=\"column-2\"><a href=\"http:\/\/hwmaint.jbc.org\/cgi\/content\/abstract\/285\/46\/35803\" target=\"_blank\" rel=\"noopener\">The streptococcal collagen-binding protein CNE specifically interferes with alphaVbeta3-mediated cellular interactions with triple helical collagen. <i>J Biol Chem<\/i> 285: 35803-35813<\/a>. van Wieringen T, Kalamajski S, Lid\u00e9n A, Bihan D, Guss B, Heineg\u00e5rd D, Farndale RW and Rubin K.<\/td><td class=\"column-3\">2010<\/td>\n<\/tr>\n<tr class=\"row-11 odd\">\n\t<td class=\"column-1\">Strangvac targets<\/td><td class=\"column-2\"><U>Identification of a novel collagen-like protein, SclC, in <i>Streptococcus equi<\/i> using signal phage display.<\/U><i>Vet Microbiol<\/i> 104:179-188. Karlstr\u00f6m, \u00c5., Jacobsson, K., Flock, M., Flock,J.-I., and Guss B.<\/td><td class=\"column-3\">2004<\/td>\n<\/tr>\n<tr class=\"row-12 even\">\n\t<td class=\"column-1\">Strangvac targets<\/td><td class=\"column-2\"><U>SclC is a member of a novel family of collagen-like proteins in <i>Streptococcus equi<\/i> subspecies <i>equi<\/i> that are recognized by antibodies against <i>SclC.<\/U> Vet Microbiol<\/i> 114:72-8. Karlstr\u00f6m, \u00c5., Jacobsson, K. and Guss, B.  <\/td><td class=\"column-3\">2006<\/td>\n<\/tr>\n<tr class=\"row-13 odd\">\n\t<td class=\"column-1\">Strangvac targets<\/td><td class=\"column-2\"><U>IdeE, an IgG-endopeptidase of <i>Streptococcus equi ssp equi.<\/U> FEMS Microbiology Letters<\/i> 262:230-235. Lannerg\u00e5rd, J. and Guss, B. <\/td><td class=\"column-3\">2006<\/td>\n<\/tr>\n<tr class=\"row-14 even\">\n\t<td class=\"column-1\">Strangvac targets<\/td><td class=\"column-2\"> <U>CNE, a collagen-binding protein of <i>Streptococcus equi.<\/U> FEMS Microbiol. Lett.<\/i> 222:69-74. Lannerg\u00e5rd, J., Frykberg, L. and Guss, B.<\/td><td class=\"column-3\">2003<\/td>\n<\/tr>\n<tr class=\"row-15 odd\">\n\t<td class=\"column-1\">Strangvac targets<\/td><td class=\"column-2\"><U>Shot-gun phage display mapping of two streptococcal cell-surface proteins. <\/U><i>Microbiol Res.<\/i>152:1-8. Jacobsson, K., Jonsson, H., Lindmark, H., Guss, B., Lindberg, M. and Frykberg. L. <\/td><td class=\"column-3\">1997<\/td>\n<\/tr>\n<tr class=\"row-16 even\">\n\t<td class=\"column-1\">Strangvac targets<\/td><td class=\"column-2\"><a href=\"http:\/\/iai.asm.org\/content\/63\/8\/2968\" target=\"_blank\" rel=\"noopener\">A protein G related cell surface protein in <i>Streptococcus zooepidemicus<\/i>. <i>Infect Immun<\/i> 63:2968-2975<\/a>. Jonsson, H., Lindmark, H. and Guss. B.  <\/td><td class=\"column-3\">1995<\/td>\n<\/tr>\n<tr class=\"row-17 odd\">\n\t<td class=\"column-1\">Research Strangles<\/td><td class=\"column-2\"><a href=\"https:\/\/pubmed.ncbi.nlm.nih.gov\/33420757\/\" target=\"_blank\" rel=\"noopener\">Novel seM-types of Streptococcus equi subsp. equi identified in isolates circulating in Argentina <i>Equine Vet J.<\/i><\/a> Carla P Bustos, Alejandra J Mu\u00f1oz, Nora Guida, Andrew Waller, Mar\u00eda Mesplet.<\/td><td class=\"column-3\">2022<\/td>\n<\/tr>\n<tr class=\"row-18 even\">\n\t<td class=\"column-1\">Research Strangles<\/td><td class=\"column-2\"><a href=\"https:\/\/doi.org\/10.1002\/vetr.948\" target=\"_blank\" rel=\"noopener\">Surveillance of strangles in UK horses between 2015 and 2019 based on laboratory detection of Streptococcus equi. Vet Rec Dec;189(12):e948, <i>DOI: 10.1002\/vetr.948.<\/i><\/a> Abigail McGlennon, Andrew Waller, Kristien Verheyen, Josh Slater, John Grewar, David Aanensen, Richard Newton.<\/td><td class=\"column-3\">2021<\/td>\n<\/tr>\n<tr class=\"row-19 odd\">\n\t<td class=\"column-1\">Research Strangles<\/td><td class=\"column-2\"><a href=\"https:\/\/www.magonlinelibrary.com\/doi\/full\/10.12968\/ukve.2021.5.2.S.3\" target=\"_blank\" rel=\"noopener\"><i>Streptococcus equi<\/i> infections: current best practice in the diagnosis and management of \u2018strangles\u2019. <i>UK-Vet EquineVol. 5, No. Sup2<\/i><\/a> David Rendle, Nic de Brauwere, Gayle Hallowell, Philip Ivens, Abigail McGlennon, Richard Newton, Jo White, Andrew Waller.<\/td><td class=\"column-3\">2021<\/td>\n<\/tr>\n<tr class=\"row-20 even\">\n\t<td class=\"column-1\">Research Strangles<\/td><td class=\"column-2\"><a href=\"https:\/\/pubmed.ncbi.nlm.nih.gov\/33684029\/\" target=\"_blank\" rel=\"noopener\">Globetrotting strangles: the unbridled national and international transmission of Streptococcus equi between horses <i>Microb Genom.<\/i><\/a> Catriona Mitchell, Karen F Steward, Amelia R L Charbonneau, Saoirse Walsh, Hayley Wilson, John F Timoney, Ulli Wernery, Marina Joseph, David Craig, Kees van Maanen, Annelies Hoogkamer-van Gennep, Albertine Leon, Lucjan Witkowski, Magdalena Rzewuska, Ilona Stefa\u0144ska, Monika \u017bychska, Gunther van Loon, Ray Cursons, Olivia Patty, Els Acke, James R Gilkerson, Charles El-Hage, Joanne Allen, Hiroshi Bannai, Yuta Kinoshita, Hidekazu Niwa, Te\u00f3timo Bec\u00fa, John Pringle, Bengt Guss, Reinhard B\u00f6se, Yvonne Abbott, Lisa Katz, Bernadette Leggett, Tom C Buckley, Shlomo E Blum, F\u00e1tima Cruz L\u00f3pez, Ana Fern\u00e1ndez Ros, Maria Cristina Marotti Campi, Silvia Preziuso, Carl Robinson, J Richard Newton, Ellen Schofield, Ben Brooke, Mike Boursnell, Nicolas de Brauwere, Roxane Kirton, Charlotte K Barton, Khalil Abudahab, Ben Taylor, Corin A Yeats, Richard Goater, David M Aanensen, Simon R Harris, Julian Parkhill, Matthew T G Holden, Andrew  Waller.<\/td><td class=\"column-3\">2021<\/td>\n<\/tr>\n<tr class=\"row-21 odd\">\n\t<td class=\"column-1\">Research Strangles<\/td><td class=\"column-2\"><a href=\"https:\/\/pubmed.ncbi.nlm.nih.gov\/33630353\/\" target=\"_blank\" rel=\"noopener\">Horses vaccinated with live attenuated intranasal strangles vaccine seroconvert to SEQ2190 and SeM <i>Equine Vet J<\/i><\/a>, Ashley G Boyle, Catriona Mitchell, Darko Stefanovski, Andrew S Waller. <\/td><td class=\"column-3\">2021<\/td>\n<\/tr>\n<tr class=\"row-22 even\">\n\t<td class=\"column-1\">Research Strangles<\/td><td class=\"column-2\"><a href=\"https:\/\/pubmed.ncbi.nlm.nih.gov\/33570507\/\" target=\"_blank\" rel=\"noopener\">Seroprevalence of <i>Streptococcus equi<\/i> subspecies equi in Croatia - Short communication <i>Acta Vet Hung<\/i><\/a>, Zrinka \u0160tritof, Catriona Mitchell, Nenad Turk, Josipa Habu\u0161, Suzana Ha\u0111ina, Matko Perhari\u0107, Andrew S Waller.<\/td><td class=\"column-3\">2021<\/td>\n<\/tr>\n<tr class=\"row-23 odd\">\n\t<td class=\"column-1\">Research Strangles<\/td><td class=\"column-2\"><a href=\"https:\/\/doi.org\/10.1128\/iai.06083-11\" target=\"_blank\" rel=\"noopener\">Antiphagocytic Function of an IgG Glycosyl Hydrolase from Streptococcus equi subsp. equi and Its Use as a Vaccine Component,  <i>Infection and Immunity<\/i> 80 No. 8<\/a>, Margareta Flock, Lars Frykberg, Markus Sk\u00f6ld, Bengt Guss, Jan-Ingmar Flock<\/td><td class=\"column-3\">2012<\/td>\n<\/tr>\n<tr class=\"row-24 even\">\n\t<td class=\"column-1\">Research Strangles<\/td><td class=\"column-2\"><a href=\"http:\/\/iai.asm.org\/content\/78\/2\/854.abstract\" target=\"_blank\" rel=\"noopener\">Infection of mast cells with live streptococci causes a toll-like receptor 2- and cell-cell contact-dependent cytokine and chemokine response. <i>Infect Immun.<\/i> 78:854-864<\/a>. R\u00f6nnberg E, Guss B and Pejler G. <\/td><td class=\"column-3\">2010<\/td>\n<\/tr>\n<tr class=\"row-25 odd\">\n\t<td class=\"column-1\">Research Strangles<\/td><td class=\"column-2\"><a href=\"https:\/\/doi.org\/10.1111\/j.1574-6968.2009.01698.x\" target=\"_blank\" rel=\"noopener\">Two novel IgG endopeptidases of Streptococcus equi, <i>FEMS Microbiology Letters<\/i> vol 298, p 44-50<\/a>, Greta Hulting, Margareta Flock, Lars Frykberg, Jonas Lannerg\u00e5rd, Jan-Ingmar Flock, Bengt Guss<\/td><td class=\"column-3\">2009<\/td>\n<\/tr>\n<tr class=\"row-26 even\">\n\t<td class=\"column-1\">Research Strangles<\/td><td class=\"column-2\"><U>A secreted collagen- and fibronectin-binding streptococcal protein modulates cell-mediated collagen gel contraction and interstitial fluid pressure.<\/U> <i>J Biol Chem<\/i> 283:1234-1242. Lid\u00e9n., A., van Wieringen, T., Lannerg\u00e5rd, J., Kassner, A., Heineg\u00e5rd, D., Reed, R.K., Guss, B. and Rubin, K. <\/td><td class=\"column-3\">2008<\/td>\n<\/tr>\n<tr class=\"row-27 odd\">\n\t<td class=\"column-1\">Research Strangles<\/td><td class=\"column-2\"><U>A fibronectin-binding protein from <i>Streptococcus equi<\/i> binds collagen and modulates cell-mediated collagen gel contraction.<\/U> <i>Biochem Biophys Res<\/i> Com 340:604-610. Lid\u00e9n, \u00c5., Karlstr\u00f6m, \u00c5., Lannerg\u00e5rd, J., Kalamajski, S., Guss, B., Rubin, K. and Ryd\u00e9n, C. <\/td><td class=\"column-3\">2006<\/td>\n<\/tr>\n<tr class=\"row-28 even\">\n\t<td class=\"column-1\">Research Strangles<\/td><td class=\"column-2\"><U>Studies of fibronectin-binding proteins in <i>Streptococcus equi<\/U>. Infect Immun<\/i> 73:7243-7251. Lannerg\u00e5rd, J., Flock, M., Johansson, S., Flock, J.-I., and Guss, B. <\/td><td class=\"column-3\">2005<\/td>\n<\/tr>\n<tr class=\"row-29 odd\">\n\t<td class=\"column-1\">Research Strangles<\/td><td class=\"column-2\"><U>FNE belongs to a novel family of fibronectin-binding and collagen-binding proteins of <i>Streptococcus equi<\/i> subspecies <i>equi<\/i> (manuscript in Jonas Lannerg\u00e5rds doctoral thesis,<\/U> SLU ISBN 91-576-7129-X). Lannerg\u00e5rd, J. and Guss, B <\/td><td class=\"column-3\">2006<\/td>\n<\/tr>\n<tr class=\"row-30 even\">\n\t<td class=\"column-1\">Research Strangles<\/td><td class=\"column-2\"><U>Comparison of the fibronectin-binding protein FNE from <i>Streptococcus equi<\/i> subspecies <i>equi<\/i> with FNZ from <i>S. equi<\/i> subspecies <i>zooepidemicus<\/i> reveals a major and conserved difference.<\/U> <i>Infect Immun.<\/i> 69: 3159-3163. Lindmark, H., Nilsson, M. and Guss, B. <\/td><td class=\"column-3\">2001<\/td>\n<\/tr>\n<tr class=\"row-31 odd\">\n\t<td class=\"column-1\">Research Strangles<\/td><td class=\"column-2\"><U>SFS, a novel fibronectin-binding protein from Streptococcus equi, inhibits the binding between fibronectin and collagen.<\/U> <i>Infect. Immun.<\/i> 67: 2383-2388. Lindmark, H. and Guss, B. <\/td><td class=\"column-3\">1999<\/td>\n<\/tr>\n<tr class=\"row-32 even\">\n\t<td class=\"column-1\">Research Strangles<\/td><td class=\"column-2\"><U>Pulsed-field gel electrophoresis and distribution of the genes zag and fnz in isolates of <i>Streptococcus equi.<\/U> Res Vet Sci.<\/i> 66:93-99. Lindmark, H., Jonsson, P., Olsson-Engvall, E. and Guss, B. <\/td><td class=\"column-3\">1999<\/td>\n<\/tr>\n<tr class=\"row-33 odd\">\n\t<td class=\"column-1\">Research Strangles<\/td><td class=\"column-2\"><a href=\"http:\/\/iai.asm.org\/content\/64\/10\/3993.short?ck=nck\" target=\"_blank\" rel=\"noopener\">Fibronectin-binding protein of <i>Streptococcus equi<\/i> subspecies <i>zooepidemicus<\/i>. <i>Infect Immun<\/i> 64: 3993-3999<\/a>. Lindmark, H., Jacobsson, K., Frykberg, L. and Guss, B. <\/td><td class=\"column-3\">1996<\/td>\n<\/tr>\n<tr class=\"row-34 even\">\n\t<td class=\"column-1\">Research streptococcal<\/td><td class=\"column-2\"><a href=\"https:\/\/pubmed.ncbi.nlm.nih.gov\/34124943\/\" target=\"_blank\" rel=\"noopener\">Functional Insights into the High-Molecular-Mass Penicillin-Binding Proteins of <i>Streptococcus agalactiae<\/i> Revealed by Gene Deletion and Transposon Mutagenesis Analysis. <i>J Bacteriol<\/i><\/a>, Luchang Zhu, Prasanti Yerramilli, Layne Pruitt, Abhishek Mishra, Randall Olsen, Stephen B Beres, Andrew Waller, James Musser. <\/td><td class=\"column-3\">2021<\/td>\n<\/tr>\n<\/tbody>\n<\/table>\n<!-- #tablepress-74 from cache -->\n<h2 id=\"tablepress-4-name\" class=\"tablepress-table-name tablepress-table-name-id-4\">Avhandlingar<\/h2>\n\n<table id=\"tablepress-4\" class=\"tablepress tablepress-id-4 alignleft\" aria-labelledby=\"tablepress-4-name\">\n<tbody class=\"row-hover\">\n<tr class=\"row-1 odd\">\n\t<td class=\"column-1\">1<\/td><td class=\"column-2\">\u201dCharacterization of adhesive extracellular proteins from Streptococcus equi\u201d. Doctoral thesis, Swedish University of Agricultural Sciences. Hans Lindmark (1999) <\/td><td class=\"column-3\">ISSN 1401-6249<br \/>\n<a href=\"http:\/\/epsilon.slu.se\/avh\/1999\/91-576-5488-3.pdf\" target=\"_blank\" rel=\"noopener\">ISBN 91-576-5488-3<\/a><\/td>\n<\/tr>\n<tr class=\"row-2 even\">\n\t<td class=\"column-1\">2<\/td><td class=\"column-2\">\u201cDevelopment of a vaccine against strangles\u201d. Karolinska Institutet, Margareta Flock (2005) <\/td><td class=\"column-3\"><a href=\"http:\/\/publications.ki.se\/jspui\/handle\/10616\/40200\" target=\"_blank\" rel=\"noopener\">ISBN 91-7140-500-3<\/a><\/td>\n<\/tr>\n<tr class=\"row-3 odd\">\n\t<td class=\"column-1\">3<\/td><td class=\"column-2\">\u201cCollage-like proteins in horse pathogenic Stretococcus equi\u201d. Doctoral thesis, Swedish University of Agricultural Sciences, \u00c5sa Karlstr\u00f6m (2005)<\/td><td class=\"column-3\">ISSN 1652-6880<br \/>\n<a href=\"http:\/\/pub.epsilon.slu.se\/960\/\" target=\"_blank\" rel=\"noopener\">ISBN 91-576-6998-8<\/a><\/td>\n<\/tr>\n<tr class=\"row-4 even\">\n\t<td class=\"column-1\">4<\/td><td class=\"column-2\">\u201cPotentially virulence-related extracellular proteins of Streptococcus equi\u201d. Doctoral thesis, Swedish University of Agricultural Sciences, Jonas Lannerg\u00e5rd (2006) <\/td><td class=\"column-3\">ISSN 1652-6880<br \/>\n<a href=\"http:\/\/pub.epsilon.slu.se\/1224\/\" target=_blank\">ISBN 91-576-7129-X<\/a><\/td>\n<\/tr>\n<\/tbody>\n<\/table>\n<!-- #tablepress-4 from cache -->\n\n\n<p><\/p>\n","protected":false},"excerpt":{"rendered":"<p>Intervacc\u00b4s collaborators have published and participated in a number of doctoral thesis works and peer reviewed scientific journals with good ranking. Here is a list of relevant publications:<\/p>\n","protected":false},"author":1,"featured_media":0,"parent":754,"menu_order":4,"comment_status":"closed","ping_status":"closed","template":"page-full-width.php","meta":{"inline_featured_image":false},"_links":{"self":[{"href":"https:\/\/intervacc.se\/en\/wp-json\/wp\/v2\/pages\/782"}],"collection":[{"href":"https:\/\/intervacc.se\/en\/wp-json\/wp\/v2\/pages"}],"about":[{"href":"https:\/\/intervacc.se\/en\/wp-json\/wp\/v2\/types\/page"}],"author":[{"embeddable":true,"href":"https:\/\/intervacc.se\/en\/wp-json\/wp\/v2\/users\/1"}],"replies":[{"embeddable":true,"href":"https:\/\/intervacc.se\/en\/wp-json\/wp\/v2\/comments?post=782"}],"version-history":[{"count":4,"href":"https:\/\/intervacc.se\/en\/wp-json\/wp\/v2\/pages\/782\/revisions"}],"predecessor-version":[{"id":369138,"href":"https:\/\/intervacc.se\/en\/wp-json\/wp\/v2\/pages\/782\/revisions\/369138"}],"up":[{"embeddable":true,"href":"https:\/\/intervacc.se\/en\/wp-json\/wp\/v2\/pages\/754"}],"wp:attachment":[{"href":"https:\/\/intervacc.se\/en\/wp-json\/wp\/v2\/media?parent=782"}],"curies":[{"name":"wp","href":"https:\/\/api.w.org\/{rel}","templated":true}]}}