{"id":824,"date":"2017-02-14T09:01:41","date_gmt":"2017-02-14T08:01:41","guid":{"rendered":"http:\/\/intervacc.se\/en\/?page_id=824"},"modified":"2026-02-16T15:25:10","modified_gmt":"2026-02-16T14:25:10","slug":"contact","status":"publish","type":"page","link":"https:\/\/intervacc.se\/en\/contact\/","title":{"rendered":"Contact us"},"content":{"rendered":"<p style=\"text-align: center;\"><strong>Address:<\/strong> V\u00e4stertorpsv\u00e4gen 135 B, S-129 44 H\u00e4gersten<br \/>\n<strong>Telephone:<\/strong>\u00a0+46-8-120 10 600 | <strong>Fax:<\/strong>\u00a0+46-8-120 10 640<br \/>\n<strong>E-mail: <\/strong><a href=\"mailto:info@intervacc.com\">info@intervacc.com<\/a><\/p>\n","protected":false},"excerpt":{"rendered":"<p>Address: V\u00e4stertorpsv\u00e4gen 135 B, S-129 44 H\u00e4gersten Telephone:\u00a0+46-8-120 10 600 | Fax:\u00a0+46-8-120 10 640 E-mail: info@intervacc.com<\/p>\n","protected":false},"author":1,"featured_media":0,"parent":0,"menu_order":6,"comment_status":"closed","ping_status":"closed","template":"template-kontakt.php","meta":{"inline_featured_image":false},"_links":{"self":[{"href":"https:\/\/intervacc.se\/en\/wp-json\/wp\/v2\/pages\/824"}],"collection":[{"href":"https:\/\/intervacc.se\/en\/wp-json\/wp\/v2\/pages"}],"about":[{"href":"https:\/\/intervacc.se\/en\/wp-json\/wp\/v2\/types\/page"}],"author":[{"embeddable":true,"href":"https:\/\/intervacc.se\/en\/wp-json\/wp\/v2\/users\/1"}],"replies":[{"embeddable":true,"href":"https:\/\/intervacc.se\/en\/wp-json\/wp\/v2\/comments?post=824"}],"version-history":[{"count":37,"href":"https:\/\/intervacc.se\/en\/wp-json\/wp\/v2\/pages\/824\/revisions"}],"predecessor-version":[{"id":839442,"href":"https:\/\/intervacc.se\/en\/wp-json\/wp\/v2\/pages\/824\/revisions\/839442"}],"wp:attachment":[{"href":"https:\/\/intervacc.se\/en\/wp-json\/wp\/v2\/media?parent=824"}],"curies":[{"name":"wp","href":"https:\/\/api.w.org\/{rel}","templated":true}]}}